{"id":2,"date":"2025-12-15T11:07:03","date_gmt":"2025-12-15T11:07:03","guid":{"rendered":"https:\/\/cafefrancis.rkinformatika.online\/?page_id=2"},"modified":"2025-12-17T10:27:38","modified_gmt":"2025-12-17T10:27:38","slug":"inicio","status":"publish","type":"page","link":"https:\/\/cafefrancis.es\/en\/","title":{"rendered":"Home"},"content":{"rendered":"<div data-elementor-type=\"wp-page\" data-elementor-id=\"2\" class=\"elementor elementor-2\" data-elementor-post-type=\"page\">\n\t\t\t\t<div class=\"elementor-element elementor-element-39c553a e-flex e-con-boxed e-con e-parent\" data-id=\"39c553a\" data-element_type=\"container\" data-e-type=\"container\" data-settings=\"{&quot;background_background&quot;:&quot;classic&quot;}\">\n\t\t\t\t\t<div class=\"e-con-inner\">\n\t\t\t\t<div class=\"elementor-element elementor-element-cb69a8a elementor-widget elementor-widget-heading\" data-id=\"cb69a8a\" data-element_type=\"widget\" data-e-type=\"widget\" data-widget_type=\"heading.default\">\n\t\t\t\t\t<h2 class=\"elementor-heading-title elementor-size-default\">Caf\u00e9 Francis \n  Desayunos<\/h2>\t\t\t\t<\/div>\n\t\t\t\t<div class=\"elementor-element elementor-element-aadab91 elementor-widget elementor-widget-heading\" data-id=\"aadab91\" data-element_type=\"widget\" data-e-type=\"widget\" data-widget_type=\"heading.default\">\n\t\t\t\t\t<h2 class=\"elementor-heading-title elementor-size-default\">Since 2002<\/h2>\t\t\t\t<\/div>\n\t\t\t\t\t<\/div>\n\t\t\t\t<\/div>\n\t\t<div class=\"elementor-element elementor-element-285bcfe e-flex e-con-boxed e-con e-parent\" data-id=\"285bcfe\" data-element_type=\"container\" data-e-type=\"container\">\n\t\t\t\t\t<div class=\"e-con-inner\">\n\t\t<div class=\"elementor-element elementor-element-d1d5b9e e-con-full e-flex e-con e-child\" data-id=\"d1d5b9e\" data-element_type=\"container\" data-e-type=\"container\">\n\t\t\t\t<div class=\"elementor-element elementor-element-2dbff32 elementor-widget elementor-widget-heading\" data-id=\"2dbff32\" data-element_type=\"widget\" data-e-type=\"widget\" data-widget_type=\"heading.default\">\n\t\t\t\t\t<h2 class=\"elementor-heading-title elementor-size-default\">About Us<\/h2>\t\t\t\t<\/div>\n\t\t\t\t<div class=\"elementor-element elementor-element-bbd2658 elementor-widget elementor-widget-text-editor\" data-id=\"bbd2658\" data-element_type=\"widget\" data-e-type=\"widget\" data-widget_type=\"text-editor.default\">\n\t\t\t\t\t\t\t\t\t<p>We are a family dedicated to breakfast since 2002, when we embarked on this journey with the dream of sharing what we do best. Since then, every morning we prepare our toast with homemade, high-quality products, taking care of every detail as if it were for our own table. Over the years, we have expanded our offerings to include pastries, sandwiches, sweets, and juices, always maintaining our authentic essence. All accompanied by a good coffee, because we believe that it's the little pleasures that make a day great.\u00a0<\/p>\t\t\t\t\t\t\t\t<\/div>\n\t\t\t\t<\/div>\n\t\t<div class=\"elementor-element elementor-element-88245ae e-con-full e-flex e-con e-child\" data-id=\"88245ae\" data-element_type=\"container\" data-e-type=\"container\">\n\t\t\t\t<div class=\"elementor-element elementor-element-fc6d67a elementor-pagination-position-outside elementor-widget elementor-widget-image-carousel\" data-id=\"fc6d67a\" data-element_type=\"widget\" data-e-type=\"widget\" data-settings=\"{&quot;navigation&quot;:&quot;dots&quot;,&quot;slides_to_show&quot;:&quot;1&quot;,&quot;autoplay&quot;:&quot;yes&quot;,&quot;pause_on_hover&quot;:&quot;yes&quot;,&quot;pause_on_interaction&quot;:&quot;yes&quot;,&quot;autoplay_speed&quot;:5000,&quot;infinite&quot;:&quot;yes&quot;,&quot;effect&quot;:&quot;slide&quot;,&quot;speed&quot;:500}\" data-widget_type=\"image-carousel.default\">\n\t\t\t\t\t\t\t<div class=\"elementor-image-carousel-wrapper swiper\" role=\"region\" aria-roledescription=\"carousel\" aria-label=\"Carrusel de im\u00e1genes\" dir=\"ltr\">\n\t\t\t<div class=\"elementor-image-carousel swiper-wrapper\" aria-live=\"off\">\n\t\t\t\t\t\t\t\t<div class=\"swiper-slide\" role=\"group\" aria-roledescription=\"slide\" aria-label=\"1 de 5\"><figure class=\"swiper-slide-inner\"><img decoding=\"async\" class=\"swiper-slide-image\" src=\"https:\/\/cafefrancis.es\/wp-content\/uploads\/2025\/12\/IMG_1475-Cafe-Francis-Desayunos-3-scaled.jpeg\" alt=\"IMG_1475 - Cafe Francis Desayunos\" \/><\/figure><\/div><div class=\"swiper-slide\" role=\"group\" aria-roledescription=\"slide\" aria-label=\"2 de 5\"><figure class=\"swiper-slide-inner\"><img decoding=\"async\" class=\"swiper-slide-image\" src=\"https:\/\/cafefrancis.es\/wp-content\/uploads\/2025\/12\/IMG_1496-Cafe-Francis-Desayunos-1-scaled.jpeg\" alt=\"IMG_1496 - Cafe Francis Desayunos\" \/><\/figure><\/div><div class=\"swiper-slide\" role=\"group\" aria-roledescription=\"slide\" aria-label=\"3 de 5\"><figure class=\"swiper-slide-inner\"><img decoding=\"async\" class=\"swiper-slide-image\" src=\"https:\/\/cafefrancis.es\/wp-content\/uploads\/2025\/12\/IMG_1498-Cafe-Francis-Desayunos-1-scaled.jpeg\" alt=\"IMG_1498 - Cafe Francis Desayunos\" \/><\/figure><\/div><div class=\"swiper-slide\" role=\"group\" aria-roledescription=\"slide\" aria-label=\"4 de 5\"><figure class=\"swiper-slide-inner\"><img decoding=\"async\" class=\"swiper-slide-image\" src=\"https:\/\/cafefrancis.es\/wp-content\/uploads\/2025\/12\/IMG_1446-Cafe-Francis-Desayunos-1-scaled.jpeg\" alt=\"IMG_1446 - Cafe Francis Desayunos\" \/><\/figure><\/div><div class=\"swiper-slide\" role=\"group\" aria-roledescription=\"slide\" aria-label=\"5 de 5\"><figure class=\"swiper-slide-inner\"><img decoding=\"async\" class=\"swiper-slide-image\" src=\"https:\/\/cafefrancis.es\/wp-content\/uploads\/2025\/12\/IMG_1492-Cafe-Francis-Desayunos-1-scaled.jpeg\" alt=\"IMG_1492 - Cafe Francis Desayunos (1)\" \/><\/figure><\/div>\t\t\t<\/div>\n\t\t\t\t\t\t\t\n\t\t\t\t\t\t\t\t\t<div class=\"swiper-pagination\"><\/div>\n\t\t\t\t\t\t\t\t\t<\/div>\n\t\t\t\t\t\t<\/div>\n\t\t\t\t<\/div>\n\t\t\t\t\t<\/div>\n\t\t\t\t<\/div>\n\t\t<div class=\"elementor-element elementor-element-10adbd7 e-flex e-con-boxed e-con e-parent\" data-id=\"10adbd7\" data-element_type=\"container\" data-e-type=\"container\" data-settings=\"{&quot;background_background&quot;:&quot;classic&quot;}\">\n\t\t\t\t\t<div class=\"e-con-inner\">\n\t\t\t\t<div class=\"elementor-element elementor-element-7d7e71b elementor-align-center elementor-tablet-align-center elementor-widget elementor-widget-button\" data-id=\"7d7e71b\" data-element_type=\"widget\" data-e-type=\"widget\" data-widget_type=\"button.default\">\n\t\t\t\t\t\t\t\t\t\t<a class=\"elementor-button elementor-button-link elementor-size-sm elementor-animation-wobble-horizontal\" href=\"\/en\/servicio\/\">\n\t\t\t\t\t\t<span class=\"elementor-button-content-wrapper\">\n\t\t\t\t\t\t\t\t\t<span class=\"elementor-button-text\">See Services<\/span>\n\t\t\t\t\t<\/span>\n\t\t\t\t\t<\/a>\n\t\t\t\t\t\t\t\t<\/div>\n\t\t\t\t<div class=\"elementor-element elementor-element-2791816 elementor-widget elementor-widget-heading\" data-id=\"2791816\" data-element_type=\"widget\" data-e-type=\"widget\" data-widget_type=\"heading.default\">\n\t\t\t\t\t<h2 class=\"elementor-heading-title elementor-size-default\">Have breakfast with us!<\/h2>\t\t\t\t<\/div>\n\t\t\t\t\t<\/div>\n\t\t\t\t<\/div>\n\t\t<div class=\"elementor-element elementor-element-556631b e-flex e-con-boxed e-con e-parent\" data-id=\"556631b\" data-element_type=\"container\" data-e-type=\"container\">\n\t\t\t\t\t<div class=\"e-con-inner\">\n\t\t\t\t\t<\/div>\n\t\t\t\t<\/div>\n\t\t\t\t<\/div>","protected":false},"excerpt":{"rendered":"<p>Caf\u00e9 Francis Desayunos Desde 2002 Sobre nosotros Somos una familia dedicada a los desayunos desde el a\u00f1o 2002, cuando comenzamos este camino con la ilusi\u00f3n de compartir lo que mejor sab\u00edamos hacer. Desde entonces, cada ma\u00f1ana preparamos nuestras tostadas con productos caseros y de calidad, cuidando cada detalle como si fuera para nuestra propia mesa. [&hellip;]<\/p>\n","protected":false},"author":1,"featured_media":0,"parent":0,"menu_order":0,"comment_status":"closed","ping_status":"closed","template":"elementor_canvas","meta":{"footnotes":""},"class_list":["post-2","page","type-page","status-publish","hentry"],"yoast_head":"<!-- This site is optimized with the Yoast SEO plugin v27.3 - https:\/\/yoast.com\/product\/yoast-seo-wordpress\/ -->\n<title>Inicio - Cafe Francis<\/title>\n<meta name=\"robots\" content=\"index, follow, max-snippet:-1, max-image-preview:large, max-video-preview:-1\" \/>\n<link rel=\"canonical\" href=\"https:\/\/cafefrancis.es\/en\/\" \/>\n<meta property=\"og:locale\" content=\"en_US\" \/>\n<meta property=\"og:type\" content=\"article\" \/>\n<meta property=\"og:title\" content=\"Inicio - Cafe Francis\" \/>\n<meta property=\"og:description\" content=\"Caf\u00e9 Francis Desayunos Desde 2002 Sobre nosotros Somos una familia dedicada a los desayunos desde el a\u00f1o 2002, cuando comenzamos este camino con la ilusi\u00f3n de compartir lo que mejor sab\u00edamos hacer. Desde entonces, cada ma\u00f1ana preparamos nuestras tostadas con productos caseros y de calidad, cuidando cada detalle como si fuera para nuestra propia mesa. [&hellip;]\" \/>\n<meta property=\"og:url\" content=\"https:\/\/cafefrancis.es\/en\/\" \/>\n<meta property=\"og:site_name\" content=\"Cafe Francis\" \/>\n<meta property=\"article:modified_time\" content=\"2025-12-17T10:27:38+00:00\" \/>\n<meta property=\"og:image\" content=\"https:\/\/cafefrancis.es\/wp-content\/uploads\/2025\/12\/IMG_1475-Cafe-Francis-Desayunos-3-scaled.jpeg\" \/>\n<meta name=\"twitter:card\" content=\"summary_large_image\" \/>\n<meta name=\"twitter:label1\" content=\"Est. reading time\" \/>\n\t<meta name=\"twitter:data1\" content=\"2 minutes\" \/>\n<script type=\"application\/ld+json\" class=\"yoast-schema-graph\">{\"@context\":\"https:\\\/\\\/schema.org\",\"@graph\":[{\"@type\":\"WebPage\",\"@id\":\"https:\\\/\\\/cafefrancis.es\\\/\",\"url\":\"https:\\\/\\\/cafefrancis.es\\\/\",\"name\":\"Inicio - Cafe Francis\",\"isPartOf\":{\"@id\":\"https:\\\/\\\/cafefrancis.es\\\/#website\"},\"primaryImageOfPage\":{\"@id\":\"https:\\\/\\\/cafefrancis.es\\\/#primaryimage\"},\"image\":{\"@id\":\"https:\\\/\\\/cafefrancis.es\\\/#primaryimage\"},\"thumbnailUrl\":\"https:\\\/\\\/cafefrancis.es\\\/wp-content\\\/uploads\\\/2025\\\/12\\\/IMG_1475-Cafe-Francis-Desayunos-3-scaled.jpeg\",\"datePublished\":\"2025-12-15T11:07:03+00:00\",\"dateModified\":\"2025-12-17T10:27:38+00:00\",\"breadcrumb\":{\"@id\":\"https:\\\/\\\/cafefrancis.es\\\/#breadcrumb\"},\"inLanguage\":\"en-US\",\"potentialAction\":[{\"@type\":\"ReadAction\",\"target\":[\"https:\\\/\\\/cafefrancis.es\\\/\"]}]},{\"@type\":\"ImageObject\",\"inLanguage\":\"en-US\",\"@id\":\"https:\\\/\\\/cafefrancis.es\\\/#primaryimage\",\"url\":\"https:\\\/\\\/cafefrancis.es\\\/wp-content\\\/uploads\\\/2025\\\/12\\\/IMG_1475-Cafe-Francis-Desayunos-3-scaled.jpeg\",\"contentUrl\":\"https:\\\/\\\/cafefrancis.es\\\/wp-content\\\/uploads\\\/2025\\\/12\\\/IMG_1475-Cafe-Francis-Desayunos-3-scaled.jpeg\"},{\"@type\":\"BreadcrumbList\",\"@id\":\"https:\\\/\\\/cafefrancis.es\\\/#breadcrumb\",\"itemListElement\":[{\"@type\":\"ListItem\",\"position\":1,\"name\":\"Portada\",\"item\":\"https:\\\/\\\/cafefrancis.es\\\/\"},{\"@type\":\"ListItem\",\"position\":2,\"name\":\"Inicio\"}]},{\"@type\":\"WebSite\",\"@id\":\"https:\\\/\\\/cafefrancis.es\\\/#website\",\"url\":\"https:\\\/\\\/cafefrancis.es\\\/\",\"name\":\"Cafe Francis\",\"description\":\"Cafeter\u00eda - Caf\u00e9 - tostadas - meriendas - zumos\",\"publisher\":{\"@id\":\"https:\\\/\\\/cafefrancis.es\\\/#organization\"},\"potentialAction\":[{\"@type\":\"SearchAction\",\"target\":{\"@type\":\"EntryPoint\",\"urlTemplate\":\"https:\\\/\\\/cafefrancis.es\\\/?s={search_term_string}\"},\"query-input\":{\"@type\":\"PropertyValueSpecification\",\"valueRequired\":true,\"valueName\":\"search_term_string\"}}],\"inLanguage\":\"en-US\"},{\"@type\":\"Organization\",\"@id\":\"https:\\\/\\\/cafefrancis.es\\\/#organization\",\"name\":\"Cafe Francis\",\"url\":\"https:\\\/\\\/cafefrancis.es\\\/\",\"logo\":{\"@type\":\"ImageObject\",\"inLanguage\":\"en-US\",\"@id\":\"https:\\\/\\\/cafefrancis.es\\\/#\\\/schema\\\/logo\\\/image\\\/\",\"url\":\"https:\\\/\\\/cafefrancis.es\\\/wp-content\\\/uploads\\\/2025\\\/12\\\/cropped-cropped-cafefrancis202509_logoarriba-1.jpg\",\"contentUrl\":\"https:\\\/\\\/cafefrancis.es\\\/wp-content\\\/uploads\\\/2025\\\/12\\\/cropped-cropped-cafefrancis202509_logoarriba-1.jpg\",\"width\":346,\"height\":68,\"caption\":\"Cafe Francis\"},\"image\":{\"@id\":\"https:\\\/\\\/cafefrancis.es\\\/#\\\/schema\\\/logo\\\/image\\\/\"}}]}<\/script>\n<!-- \/ Yoast SEO plugin. -->","yoast_head_json":{"title":"Inicio - Cafe Francis","robots":{"index":"index","follow":"follow","max-snippet":"max-snippet:-1","max-image-preview":"max-image-preview:large","max-video-preview":"max-video-preview:-1"},"canonical":"https:\/\/cafefrancis.es\/en\/","og_locale":"en_US","og_type":"article","og_title":"Inicio - Cafe Francis","og_description":"Caf\u00e9 Francis Desayunos Desde 2002 Sobre nosotros Somos una familia dedicada a los desayunos desde el a\u00f1o 2002, cuando comenzamos este camino con la ilusi\u00f3n de compartir lo que mejor sab\u00edamos hacer. Desde entonces, cada ma\u00f1ana preparamos nuestras tostadas con productos caseros y de calidad, cuidando cada detalle como si fuera para nuestra propia mesa. [&hellip;]","og_url":"https:\/\/cafefrancis.es\/en\/","og_site_name":"Cafe Francis","article_modified_time":"2025-12-17T10:27:38+00:00","og_image":[{"url":"https:\/\/cafefrancis.es\/wp-content\/uploads\/2025\/12\/IMG_1475-Cafe-Francis-Desayunos-3-scaled.jpeg","type":"","width":"","height":""}],"twitter_card":"summary_large_image","twitter_misc":{"Est. reading time":"2 minutes"},"schema":{"@context":"https:\/\/schema.org","@graph":[{"@type":"WebPage","@id":"https:\/\/cafefrancis.es\/","url":"https:\/\/cafefrancis.es\/","name":"Inicio - Cafe Francis","isPartOf":{"@id":"https:\/\/cafefrancis.es\/#website"},"primaryImageOfPage":{"@id":"https:\/\/cafefrancis.es\/#primaryimage"},"image":{"@id":"https:\/\/cafefrancis.es\/#primaryimage"},"thumbnailUrl":"https:\/\/cafefrancis.es\/wp-content\/uploads\/2025\/12\/IMG_1475-Cafe-Francis-Desayunos-3-scaled.jpeg","datePublished":"2025-12-15T11:07:03+00:00","dateModified":"2025-12-17T10:27:38+00:00","breadcrumb":{"@id":"https:\/\/cafefrancis.es\/#breadcrumb"},"inLanguage":"en-US","potentialAction":[{"@type":"ReadAction","target":["https:\/\/cafefrancis.es\/"]}]},{"@type":"ImageObject","inLanguage":"en-US","@id":"https:\/\/cafefrancis.es\/#primaryimage","url":"https:\/\/cafefrancis.es\/wp-content\/uploads\/2025\/12\/IMG_1475-Cafe-Francis-Desayunos-3-scaled.jpeg","contentUrl":"https:\/\/cafefrancis.es\/wp-content\/uploads\/2025\/12\/IMG_1475-Cafe-Francis-Desayunos-3-scaled.jpeg"},{"@type":"BreadcrumbList","@id":"https:\/\/cafefrancis.es\/#breadcrumb","itemListElement":[{"@type":"ListItem","position":1,"name":"Portada","item":"https:\/\/cafefrancis.es\/"},{"@type":"ListItem","position":2,"name":"Inicio"}]},{"@type":"WebSite","@id":"https:\/\/cafefrancis.es\/#website","url":"https:\/\/cafefrancis.es\/","name":"Cafe Francis","description":"Cafeter\u00eda - Caf\u00e9 - tostadas - meriendas - zumos","publisher":{"@id":"https:\/\/cafefrancis.es\/#organization"},"potentialAction":[{"@type":"SearchAction","target":{"@type":"EntryPoint","urlTemplate":"https:\/\/cafefrancis.es\/?s={search_term_string}"},"query-input":{"@type":"PropertyValueSpecification","valueRequired":true,"valueName":"search_term_string"}}],"inLanguage":"en-US"},{"@type":"Organization","@id":"https:\/\/cafefrancis.es\/#organization","name":"Cafe Francis","url":"https:\/\/cafefrancis.es\/","logo":{"@type":"ImageObject","inLanguage":"en-US","@id":"https:\/\/cafefrancis.es\/#\/schema\/logo\/image\/","url":"https:\/\/cafefrancis.es\/wp-content\/uploads\/2025\/12\/cropped-cropped-cafefrancis202509_logoarriba-1.jpg","contentUrl":"https:\/\/cafefrancis.es\/wp-content\/uploads\/2025\/12\/cropped-cropped-cafefrancis202509_logoarriba-1.jpg","width":346,"height":68,"caption":"Cafe Francis"},"image":{"@id":"https:\/\/cafefrancis.es\/#\/schema\/logo\/image\/"}}]}},"_links":{"self":[{"href":"https:\/\/cafefrancis.es\/en\/wp-json\/wp\/v2\/pages\/2","targetHints":{"allow":["GET"]}}],"collection":[{"href":"https:\/\/cafefrancis.es\/en\/wp-json\/wp\/v2\/pages"}],"about":[{"href":"https:\/\/cafefrancis.es\/en\/wp-json\/wp\/v2\/types\/page"}],"author":[{"embeddable":true,"href":"https:\/\/cafefrancis.es\/en\/wp-json\/wp\/v2\/users\/1"}],"replies":[{"embeddable":true,"href":"https:\/\/cafefrancis.es\/en\/wp-json\/wp\/v2\/comments?post=2"}],"version-history":[{"count":121,"href":"https:\/\/cafefrancis.es\/en\/wp-json\/wp\/v2\/pages\/2\/revisions"}],"predecessor-version":[{"id":510,"href":"https:\/\/cafefrancis.es\/en\/wp-json\/wp\/v2\/pages\/2\/revisions\/510"}],"wp:attachment":[{"href":"https:\/\/cafefrancis.es\/en\/wp-json\/wp\/v2\/media?parent=2"}],"curies":[{"name":"wp","href":"https:\/\/api.w.org\/{rel}","templated":true}]}}